{"id":1344,"date":"2021-04-04T15:24:08","date_gmt":"2021-04-04T15:24:08","guid":{"rendered":"http:\/\/monicamilf.com\/norsk\/blog\/?page_id=1344"},"modified":"2021-05-04T21:49:01","modified_gmt":"2021-05-04T21:49:01","slug":"podcast","status":"publish","type":"page","link":"https:\/\/monicamilf.com\/norsk\/blog\/?page_id=1344","title":{"rendered":"Podcast"},"content":{"rendered":"<pre>Helt Naken Med Monica\r\nDa pr\u00f8ver jeg p\u00e5 noe som er langt uten for min konfort omr\u00e5de. Her vill jeg legge ut mine podcaster. Dette som sakt ikke noe jeg har gjort f\u00f8r s\u00e5 v\u00e6r tolmodige, de vill nok bli bedre og bedre bare jeg kommer inn i dette. \r\ndet vil ogs\u00e5 komme et tlf nr som dere lyttere kan sende ider og spm jeg skal snakke om p\u00e5 min podcast.\r\n\r\nH\u00e5per dette er noe som sl\u00e5r ann.\r\n\r\n<\/pre>\n<p>Her legges det uten tekst linker til YouTube, hvor dere kan finne Podcasten<\/p>\n<h4><a href=\"https:\/\/www.youtube.com\/watch?v=SrMgppMTEiU&amp;t=30s\">Monica gj\u00f8r ting ho ikke kan !<\/a><\/h4>\n<p><a href=\"http:\/\/monicamilf.com\/norsk\/blog\/?page_id=1344\"><img loading=\"lazy\" class=\"size-medium wp-image-1352 alignleft\" src=\"http:\/\/monicamilf.com\/norsk\/blog\/wp-content\/uploads\/2021\/04\/294_1.39.1111-300x169.jpg\" alt=\"\" width=\"300\" height=\"169\" srcset=\"https:\/\/monicamilf.com\/norsk\/blog\/wp-content\/uploads\/2021\/04\/294_1.39.1111-300x169.jpg 300w, https:\/\/monicamilf.com\/norsk\/blog\/wp-content\/uploads\/2021\/04\/294_1.39.1111-768x432.jpg 768w, https:\/\/monicamilf.com\/norsk\/blog\/wp-content\/uploads\/2021\/04\/294_1.39.1111-1024x576.jpg 1024w, https:\/\/monicamilf.com\/norsk\/blog\/wp-content\/uploads\/2021\/04\/294_1.39.1111-1080x608.jpg 1080w, https:\/\/monicamilf.com\/norsk\/blog\/wp-content\/uploads\/2021\/04\/294_1.39.1111.jpg 1920w\" sizes=\"(max-width: 300px) 100vw, 300px\" \/><\/a><\/p>\n<p>&nbsp;<\/p>\n<p>&nbsp;<\/p>\n<p>&nbsp;<\/p>\n<h4 class=\"style-scope ytd-grid-video-renderer\"><a id=\"video-title\" class=\"yt-simple-endpoint style-scope ytd-grid-video-renderer\" title=\"Jeg var stor i kjeften, s\u00e5nn startet Monicamilf\" href=\"https:\/\/www.youtube.com\/watch?v=1Kq0wrpujS8&amp;t=32s\" aria-label=\"Jeg var stor i kjeften, s\u00e5nn startet Monicamilf av MonicaMilf for 1 uke siden 18 minutter Sett 413 ganger\">Jeg var stor i kjeften, s\u00e5nn startet Monicamilf !<\/a><\/h4>\n<p><a href=\"http:\/\/monicamilf.com\/norsk\/blog\/wp-content\/uploads\/2021\/04\/podcast2.jpg\"><img loading=\"lazy\" class=\"size-medium wp-image-1353 alignleft\" src=\"http:\/\/monicamilf.com\/norsk\/blog\/wp-content\/uploads\/2021\/04\/podcast2-300x174.jpg\" alt=\"\" width=\"300\" height=\"174\" srcset=\"https:\/\/monicamilf.com\/norsk\/blog\/wp-content\/uploads\/2021\/04\/podcast2-300x174.jpg 300w, https:\/\/monicamilf.com\/norsk\/blog\/wp-content\/uploads\/2021\/04\/podcast2-768x445.jpg 768w, https:\/\/monicamilf.com\/norsk\/blog\/wp-content\/uploads\/2021\/04\/podcast2-1024x593.jpg 1024w\" sizes=\"(max-width: 300px) 100vw, 300px\" \/><\/a><\/p>\n<p>&nbsp;<\/p>\n<p>&nbsp;<\/p>\n<p>&nbsp;<\/p>\n<h4><a href=\"https:\/\/youtu.be\/DOLg07dxCEM\">BMPCC6K Pro. Hva er den store saken du har i lomma? Filmer Monicamilf por i 6K n\u00e5.<\/a><\/h4>\n<p><a href=\"http:\/\/monicamilf.com\/norsk\/blog\/wp-content\/uploads\/2021\/05\/podcast3-3.jpg\"><img loading=\"lazy\" class=\"size-medium wp-image-1358 alignleft\" src=\"http:\/\/monicamilf.com\/norsk\/blog\/wp-content\/uploads\/2021\/05\/podcast3-3-300x148.jpg\" alt=\"\" width=\"300\" height=\"148\" srcset=\"https:\/\/monicamilf.com\/norsk\/blog\/wp-content\/uploads\/2021\/05\/podcast3-3-300x148.jpg 300w, https:\/\/monicamilf.com\/norsk\/blog\/wp-content\/uploads\/2021\/05\/podcast3-3-768x378.jpg 768w, https:\/\/monicamilf.com\/norsk\/blog\/wp-content\/uploads\/2021\/05\/podcast3-3-1024x505.jpg 1024w\" sizes=\"(max-width: 300px) 100vw, 300px\" \/><\/a><\/p>\n","protected":false},"excerpt":{"rendered":"<p>Helt Naken Med Monica Da pr\u00f8ver jeg p\u00e5 noe som er langt uten for min konfort omr\u00e5de. Her vill jeg legge ut mine podcaster. Dette som sakt ikke noe jeg har gjort f\u00f8r s\u00e5 v\u00e6r tolmodige, de vill nok bli bedre og bedre bare jeg kommer inn i dette. det vil ogs\u00e5 komme et tlf &#8230; <\/p>\n<p><a href=\"https:\/\/monicamilf.com\/norsk\/blog\/?page_id=1344\" class=\"more-link\">Continue reading &raquo; <span class=\"screen-reader-text\">Podcast<\/span><\/a><\/p>\n","protected":false},"author":1,"featured_media":0,"parent":0,"menu_order":0,"comment_status":"closed","ping_status":"closed","template":"","meta":[],"_links":{"self":[{"href":"https:\/\/monicamilf.com\/norsk\/blog\/index.php?rest_route=\/wp\/v2\/pages\/1344"}],"collection":[{"href":"https:\/\/monicamilf.com\/norsk\/blog\/index.php?rest_route=\/wp\/v2\/pages"}],"about":[{"href":"https:\/\/monicamilf.com\/norsk\/blog\/index.php?rest_route=\/wp\/v2\/types\/page"}],"author":[{"embeddable":true,"href":"https:\/\/monicamilf.com\/norsk\/blog\/index.php?rest_route=\/wp\/v2\/users\/1"}],"replies":[{"embeddable":true,"href":"https:\/\/monicamilf.com\/norsk\/blog\/index.php?rest_route=%2Fwp%2Fv2%2Fcomments&post=1344"}],"version-history":[{"count":8,"href":"https:\/\/monicamilf.com\/norsk\/blog\/index.php?rest_route=\/wp\/v2\/pages\/1344\/revisions"}],"predecessor-version":[{"id":1359,"href":"https:\/\/monicamilf.com\/norsk\/blog\/index.php?rest_route=\/wp\/v2\/pages\/1344\/revisions\/1359"}],"wp:attachment":[{"href":"https:\/\/monicamilf.com\/norsk\/blog\/index.php?rest_route=%2Fwp%2Fv2%2Fmedia&parent=1344"}],"curies":[{"name":"wp","href":"https:\/\/api.w.org\/{rel}","templated":true}]}}