{"id":401,"date":"2014-03-15T19:33:26","date_gmt":"2014-03-15T19:33:26","guid":{"rendered":"http:\/\/www.monicamilf.com\/norsk\/blog\/?page_id=401"},"modified":"2025-02-13T14:48:46","modified_gmt":"2025-02-13T14:48:46","slug":"spor-meg","status":"publish","type":"page","link":"https:\/\/monicamilf.com\/norsk\/blog\/?page_id=401","title":{"rendered":"Sp\u00f8r Meg!"},"content":{"rendered":"<p>Sp\u00f8r meg om ting du lurer p\u00e5.<\/p>\n<p>f\u00f8lg <a href=\"http:\/\/www.monicamilf.com\/norsk\/blog\/?p=397\">denne linken<\/a> for \u00e5 poste sp\u00f8rsm\u00e5l til meg!<\/p>\n","protected":false},"excerpt":{"rendered":"<p>Sp\u00f8r meg om ting du lurer p\u00e5. f\u00f8lg denne linken for \u00e5 poste sp\u00f8rsm\u00e5l til meg!<\/p>\n","protected":false},"author":1,"featured_media":0,"parent":0,"menu_order":0,"comment_status":"open","ping_status":"open","template":"","meta":[],"_links":{"self":[{"href":"https:\/\/monicamilf.com\/norsk\/blog\/index.php?rest_route=\/wp\/v2\/pages\/401"}],"collection":[{"href":"https:\/\/monicamilf.com\/norsk\/blog\/index.php?rest_route=\/wp\/v2\/pages"}],"about":[{"href":"https:\/\/monicamilf.com\/norsk\/blog\/index.php?rest_route=\/wp\/v2\/types\/page"}],"author":[{"embeddable":true,"href":"https:\/\/monicamilf.com\/norsk\/blog\/index.php?rest_route=\/wp\/v2\/users\/1"}],"replies":[{"embeddable":true,"href":"https:\/\/monicamilf.com\/norsk\/blog\/index.php?rest_route=%2Fwp%2Fv2%2Fcomments&post=401"}],"version-history":[{"count":4,"href":"https:\/\/monicamilf.com\/norsk\/blog\/index.php?rest_route=\/wp\/v2\/pages\/401\/revisions"}],"predecessor-version":[{"id":1601,"href":"https:\/\/monicamilf.com\/norsk\/blog\/index.php?rest_route=\/wp\/v2\/pages\/401\/revisions\/1601"}],"wp:attachment":[{"href":"https:\/\/monicamilf.com\/norsk\/blog\/index.php?rest_route=%2Fwp%2Fv2%2Fmedia&parent=401"}],"curies":[{"name":"wp","href":"https:\/\/api.w.org\/{rel}","templated":true}]}}