{"id":704,"date":"2016-01-27T23:33:10","date_gmt":"2016-01-27T23:33:10","guid":{"rendered":"http:\/\/www.monicamilf.com\/norsk\/blog\/?page_id=704"},"modified":"2025-02-13T14:33:51","modified_gmt":"2025-02-13T14:33:51","slug":"norsk-erotikk-shop","status":"publish","type":"page","link":"https:\/\/monicamilf.com\/norsk\/blog\/?page_id=704","title":{"rendered":"Norsk Erotikk shop"},"content":{"rendered":"<p style=\"text-align: center;\"><strong>Er du ute etter en bra Norsk sex leket\u00f8y shop s\u00e5 bes\u00f8k gjerne shopen min klikk p\u00e5 linken her.<\/strong><br \/>\n<strong><a href=\"https:\/\/erotikk1.no\"> https:\/\/erotikk1.no<\/a> <\/strong><\/p>\n<p style=\"text-align: center;\"><strong>Her vil dere ogs\u00e5 finne en kategori over alle sex leket\u00f8y jeg selv bruker privat og i mine filmer<\/strong><\/p>\n<p style=\"text-align: center;\"><strong>Klem MonicaMilf<\/strong><\/p>\n","protected":false},"excerpt":{"rendered":"<p>Er du ute etter en bra Norsk sex leket\u00f8y shop s\u00e5 bes\u00f8k gjerne shopen min klikk p\u00e5 linken her. https:\/\/erotikk1.no Her vil dere ogs\u00e5 finne en kategori over alle sex leket\u00f8y jeg selv bruker privat og i mine filmer Klem MonicaMilf<\/p>\n","protected":false},"author":1,"featured_media":0,"parent":0,"menu_order":0,"comment_status":"closed","ping_status":"closed","template":"","meta":[],"_links":{"self":[{"href":"https:\/\/monicamilf.com\/norsk\/blog\/index.php?rest_route=\/wp\/v2\/pages\/704"}],"collection":[{"href":"https:\/\/monicamilf.com\/norsk\/blog\/index.php?rest_route=\/wp\/v2\/pages"}],"about":[{"href":"https:\/\/monicamilf.com\/norsk\/blog\/index.php?rest_route=\/wp\/v2\/types\/page"}],"author":[{"embeddable":true,"href":"https:\/\/monicamilf.com\/norsk\/blog\/index.php?rest_route=\/wp\/v2\/users\/1"}],"replies":[{"embeddable":true,"href":"https:\/\/monicamilf.com\/norsk\/blog\/index.php?rest_route=%2Fwp%2Fv2%2Fcomments&post=704"}],"version-history":[{"count":5,"href":"https:\/\/monicamilf.com\/norsk\/blog\/index.php?rest_route=\/wp\/v2\/pages\/704\/revisions"}],"predecessor-version":[{"id":1598,"href":"https:\/\/monicamilf.com\/norsk\/blog\/index.php?rest_route=\/wp\/v2\/pages\/704\/revisions\/1598"}],"wp:attachment":[{"href":"https:\/\/monicamilf.com\/norsk\/blog\/index.php?rest_route=%2Fwp%2Fv2%2Fmedia&parent=704"}],"curies":[{"name":"wp","href":"https:\/\/api.w.org\/{rel}","templated":true}]}}